{"id":4374,"date":"2026-02-06T05:12:13","date_gmt":"2026-02-06T10:12:13","guid":{"rendered":"https:\/\/www.insureanyboat.com\/politica-de-privacidad\/"},"modified":"2026-03-06T16:07:44","modified_gmt":"2026-03-06T21:07:44","slug":"politica-de-privacidad","status":"publish","type":"page","link":"https:\/\/www.insureanyboat.com\/es\/politica-de-privacidad\/","title":{"rendered":"Pol\u00edtica de Privacidad"},"content":{"rendered":"\t\t<div data-elementor-type=\"wp-page\" data-elementor-id=\"4374\" class=\"elementor elementor-4374 elementor-3045\" data-elementor-post-type=\"page\">\n\t\t\t\t<div class=\"elementor-element elementor-element-a4380d6 e-flex e-con-boxed e-con e-parent\" data-id=\"a4380d6\" data-element_type=\"container\" data-settings=\"{&quot;background_background&quot;:&quot;classic&quot;,&quot;shape_divider_bottom&quot;:&quot;waves&quot;}\">\n\t\t\t\t\t<div class=\"e-con-inner\">\n\t\t\t\t<div class=\"elementor-shape elementor-shape-bottom\" aria-hidden=\"true\" data-negative=\"false\">\n\t\t\t<svg xmlns=\"http:\/\/www.w3.org\/2000\/svg\" viewBox=\"0 0 1000 100\" preserveAspectRatio=\"none\">\n\t<path class=\"elementor-shape-fill\" d=\"M421.9,6.5c22.6-2.5,51.5,0.4,75.5,5.3c23.6,4.9,70.9,23.5,100.5,35.7c75.8,32.2,133.7,44.5,192.6,49.7\n\tc23.6,2.1,48.7,3.5,103.4-2.5c54.7-6,106.2-25.6,106.2-25.6V0H0v30.3c0,0,72,32.6,158.4,30.5c39.2-0.7,92.8-6.7,134-22.4\n\tc21.2-8.1,52.2-18.2,79.7-24.2C399.3,7.9,411.6,7.5,421.9,6.5z\"\/>\n<\/svg>\t\t<\/div>\n\t\t<div class=\"elementor-element elementor-element-db7e48e e-con-full e-flex elementor-invisible e-con e-child\" data-id=\"db7e48e\" data-element_type=\"container\" data-settings=\"{&quot;animation&quot;:&quot;fadeInUp&quot;}\">\n\t\t\t\t<\/div>\n\t\t\t\t\t<\/div>\n\t\t\t\t<\/div>\n\t\t<div class=\"elementor-element elementor-element-30ae973 e-flex e-con-boxed e-con e-parent\" data-id=\"30ae973\" data-element_type=\"container\" data-settings=\"{&quot;background_background&quot;:&quot;classic&quot;}\">\n\t\t\t\t\t<div class=\"e-con-inner\">\n\t\t<div class=\"elementor-element elementor-element-7ee4120 e-con-full e-flex elementor-invisible e-con e-child\" data-id=\"7ee4120\" data-element_type=\"container\" data-settings=\"{&quot;animation&quot;:&quot;fadeInUp&quot;}\">\n\t\t\t\t<div class=\"elementor-element elementor-element-dcefd03 elementor-widget elementor-widget-text-editor\" data-id=\"dcefd03\" data-element_type=\"widget\" data-widget_type=\"text-editor.default\">\n\t\t\t\t<div class=\"elementor-widget-container\">\n\t\t\t\t\t\t\t\t\t<p>Al utilizar este sitio, usted acepta estas condiciones de uso indicadas a continuaci\u00f3n. Si no est\u00e1 de acuerdo con estas condiciones de uso, por favor no utilice ni acceda a este sitio. La siguiente pol\u00edtica regula la forma en que InsureAnyBoat.com recopila y utiliza la informaci\u00f3n obtenida de los usuarios de este sitio (cada uno, un \u201cUsuario\u201d).  <\/p><p><strong>Privacidad<\/strong><\/p><p>La privacidad de los usuarios es extremadamente importante para InsureAnyBoat.com y estamos comprometidos a proteger la informaci\u00f3n que usted nos conf\u00eda. InsureAnyBoat.com no divulgar\u00e1 informaci\u00f3n sobre clientes o usuarios sin permiso expreso, salvo que la divulgaci\u00f3n de dicha informaci\u00f3n sea requerida por citaci\u00f3n gubernamental. <\/p><p><strong>Recopilaci\u00f3n de Informaci\u00f3n<\/strong><\/p><p>InsureAnyBoat.com puede recopilar informaci\u00f3n de identificaci\u00f3n personal de los Usuarios de diversas maneras, incluyendo a trav\u00e9s de formularios en l\u00ednea y otras situaciones en las que se invita a los Usuarios a facilitar voluntariamente dicha informaci\u00f3n. InsureAnyBoat.com tambi\u00e9n puede recopilar informaci\u00f3n sobre c\u00f3mo interact\u00faan los Usuarios con nuestro sitio web. Esta informaci\u00f3n se obtiene mediante el an\u00e1lisis de los registros del servidor y mediante el uso de \u201ccookies\u201d instaladas en los equipos de los usuarios. Una cookie es un registro que un servidor web puede almacenar en su ordenador para identificar al usuario si vuelve a visitar el mismo sitio web. Aunque no toda la informaci\u00f3n que recopilamos de los Usuarios es de identificaci\u00f3n personal, puede asociarse con informaci\u00f3n de identificaci\u00f3n personal que los Usuarios nos proporcionen a trav\u00e9s de nuestro sitio web.    <\/p><p><strong>Uso de la Informaci\u00f3n<\/strong><\/p><p>InsureAnyBoat.com puede utilizar la informaci\u00f3n de identificaci\u00f3n personal recopilada a trav\u00e9s de nuestro sitio web para ponerse en contacto con los Usuarios en relaci\u00f3n con productos y servicios ofrecidos por InsureAnyBoat.com y sus afiliados de confianza. InsureAnyBoat.com tambi\u00e9n puede utilizar la informaci\u00f3n recopilada a trav\u00e9s de nuestro sitio web para realizar investigaciones sobre la eficacia del sitio web y sobre las iniciativas de marketing, publicidad y ventas de InsureAnyBoat.com y sus afiliados de confianza. <\/p><p><strong>Divulgaci\u00f3n de Informaci\u00f3n<\/strong><\/p><p>InsureAnyBoat.com no divulgar\u00e1 informaci\u00f3n sobre clientes o usuarios sin permiso expreso, salvo que la divulgaci\u00f3n de dicha informaci\u00f3n sea requerida por un afiliado de confianza de InsureAnyBoat.com para facilitar una acci\u00f3n solicitada por el cliente o por citaci\u00f3n gubernamental. No obstante, podremos transferir la informaci\u00f3n recopilada de los Usuarios en relaci\u00f3n con una venta del negocio de InsureAnyBoat.com. <\/p><p><strong>Remarketing<\/strong><\/p><p>InsureAnyBoat.com tambi\u00e9n utiliza cookies de seguimiento de remarketing de proveedores externos, incluidas las cookies de seguimiento de Google Adwords, Facebook y Twitter. Esto significa que seguiremos mostr\u00e1ndole anuncios en Internet, espec\u00edficamente en la Red de Contenido de Google (GCN). Como siempre, respetamos su privacidad y no recopilamos ninguna informaci\u00f3n identificable mediante el uso del sistema de remarketing de Google ni de ning\u00fan otro proveedor externo.  <\/p><p>Los proveedores externos, incluido Google, cuyos servicios utilizamos, colocar\u00e1n cookies en los navegadores web para mostrar anuncios basados en visitas anteriores a nuestro sitio web. Los proveedores externos, incluido Google, utilizan cookies para mostrar anuncios basados en las visitas previas de un usuario a su sitio web. Esto nos permite hacer ofertas especiales y seguir comercializando nuestros servicios a quienes han mostrado inter\u00e9s en nuestro servicio. Perfect Audience ofrece una forma sencilla para que los usuarios se den de baja en su p\u00e1gina de exclusi\u00f3n (Opt Out).   <\/p><p><strong>DoubleClick<\/strong><\/p><p>Utilizamos c\u00f3digos de remarketing de Google Analytics para registrar cu\u00e1ndo los usuarios ven p\u00e1ginas espec\u00edficas o realizan acciones espec\u00edficas en un sitio web. Esto nos permite ofrecer publicidad segmentada en el futuro. Si no desea recibir este tipo de publicidad por nuestra parte en el futuro, puede darse de baja utilizando la p\u00e1gina de exclusi\u00f3n de DoubleClick o la p\u00e1gina de exclusi\u00f3n de Network Advertising Initiative.  <\/p><p><strong>Uso de materiales<\/strong><\/p><p>Ning\u00fan material del sitio puede copiarse, reproducirse, republicarse, cargarse, publicarse, transmitirse o distribuirse de ninguna manera, salvo que usted pueda descargar una copia de los materiales en un \u00fanico ordenador para su uso no comercial, siempre que mantenga intactos todos los avisos de derechos de autor y dem\u00e1s avisos de propiedad. La modificaci\u00f3n de los materiales o el uso de los materiales para cualquier otro fin constituye una infracci\u00f3n de los derechos de autor de InsureAnyBoat.com y de otros derechos de propiedad. Se proh\u00edbe el uso de dichos materiales en cualquier otro sitio web o entorno inform\u00e1tico en red. Salvo que se indique lo contrario en este sitio y salvo las marcas comerciales, marcas de servicio y nombres comerciales de otras empresas que se muestran en este sitio, todas las marcas comerciales, marcas de servicio y nombres comerciales son propiedad de InsureAnyBoat.com.   <\/p><p><strong>Descargo de responsabilidad<\/strong><\/p><p>InsureAnyBoat.com no ser\u00e1 responsable de ning\u00fan da\u00f1o o perjuicio derivado de su acceso a este sitio, o de su imposibilidad de acceder a \u00e9l, o de su confianza en cualquier informaci\u00f3n proporcionada en este sitio. Sin limitar lo anterior, todo lo que aparece en el sitio se le proporciona \u201ctal cual\u201d, sin garant\u00eda de ning\u00fan tipo, ya sea expresa o impl\u00edcita, incluidas, entre otras, las garant\u00edas impl\u00edcitas de comerciabilidad, idoneidad para un fin particular o no infracci\u00f3n. InsureAnyBoat.com no garantiza que las funciones contenidas en los materiales sean ininterrumpidas o est\u00e9n libres de errores, que los defectos se corrijan, ni que este sitio o el servidor que lo pone a disposici\u00f3n est\u00e9n libres de virus u otros componentes da\u00f1inos. InsureAnyBoat.com no garantiza ni realiza manifestaciones sobre el uso o los resultados del uso de los materiales de este sitio en t\u00e9rminos de su correcci\u00f3n, exactitud, fiabilidad o de otro tipo. Usted (y no InsureAnyBoat.com) asume el coste total de cualquier servicio, reparaci\u00f3n o correcci\u00f3n necesarios. La legislaci\u00f3n aplicable puede no permitir la exclusi\u00f3n de garant\u00edas impl\u00edcitas, por lo que la exclusi\u00f3n anterior puede no aplicarse en su caso.     <\/p><p><strong>Responsabilidad<\/strong><\/p><p>Bajo ninguna circunstancia, incluyendo, entre otras, la negligencia, InsureAnyBoat.com ser\u00e1 responsable de da\u00f1os especiales o consecuentes que resulten del uso, o de la imposibilidad de usar, los materiales de este sitio, incluso si InsureAnyBoat.com o un representante autorizado de InsureAnyBoat.com ha sido advertido de la posibilidad de dichos da\u00f1os. En ning\u00fan caso InsureAnyBoat.com tendr\u00e1 responsabilidad alguna frente a usted por da\u00f1os, p\u00e9rdidas y causas de acci\u00f3n (ya sea por contrato, responsabilidad extracontractual \u2014incluida, entre otras, la negligencia\u2014 o de otro modo) por acceder a este sitio. <\/p><p><strong>Otros<\/strong><\/p><p>Todas las reclamaciones, disputas o desacuerdos que puedan surgir de la interpretaci\u00f3n, ejecuci\u00f3n o que de cualquier modo est\u00e9n relacionados con su uso de este sitio y de cualquier otro sitio de InsureAnyBoat.com, se someter\u00e1n exclusivamente a la jurisdicci\u00f3n de los tribunales estatales o federales ubicados en el condado de Miami-Dade, en el Estado de Florida.<\/p><p>InsureAnyBoat.com tampoco asume responsabilidad alguna, y no ser\u00e1 responsable de ning\u00fan da\u00f1o o de virus que puedan infectar su equipo inform\u00e1tico u otra propiedad como consecuencia de su acceso, uso o navegaci\u00f3n por el Sitio, o de la descarga de cualquier material, datos, texto, im\u00e1genes, v\u00eddeo o audio del Sitio.<\/p><p>InsureAnyBoat.com puede utilizar cualquier cosa que usted transmita o publique para cualquier fin, incluyendo, entre otros, la reproducci\u00f3n, divulgaci\u00f3n, transmisi\u00f3n, publicaci\u00f3n, difusi\u00f3n y publicaci\u00f3n en l\u00ednea.<\/p><p>Por favor, p\u00f3ngase en contacto con nosotros si tiene alguna pregunta sobre la pol\u00edtica de privacidad de InsureAnyBoat.com por correo electr\u00f3nico <a href=\"mailto:info@insureanyboat.com\">info@insureanyboat.com<\/a><\/p>\t\t\t\t\t\t\t\t<\/div>\n\t\t\t\t<\/div>\n\t\t\t\t<\/div>\n\t\t\t\t\t<\/div>\n\t\t\t\t<\/div>\n\t\t\t\t<\/div>\n\t\t","protected":false},"excerpt":{"rendered":"<p>Al utilizar este sitio, usted acepta estas condiciones de uso indicadas a continuaci\u00f3n. Si no est\u00e1 de acuerdo con estas condiciones de uso, por favor no utilice ni acceda a este sitio. La siguiente pol\u00edtica regula la forma en que InsureAnyBoat.com recopila y utiliza la informaci\u00f3n obtenida de los usuarios de este sitio (cada uno, [&hellip;]<\/p>\n","protected":false},"author":2,"featured_media":0,"parent":0,"menu_order":0,"comment_status":"closed","ping_status":"closed","template":"","meta":{"footnotes":""},"class_list":["post-4374","page","type-page","status-publish","hentry"],"yoast_head":"<!-- This site is optimized with the Yoast SEO plugin v27.0 - https:\/\/yoast.com\/product\/yoast-seo-wordpress\/ -->\n<title>Pol\u00edtica de privacidad | Protecci\u00f3n de datos y seguridad | InsureAnyBoat<\/title>\n<meta name=\"description\" content=\"Descubra c\u00f3mo InsureAnyBoat recopila, utiliza y protege su informaci\u00f3n personal de acuerdo con nuestras pr\u00e1cticas de privacidad y seguridad de datos.\" \/>\n<meta name=\"robots\" content=\"index, follow, max-snippet:-1, max-image-preview:large, max-video-preview:-1\" \/>\n<link rel=\"canonical\" href=\"https:\/\/www.insureanyboat.com\/es\/politica-de-privacidad\/\" \/>\n<meta property=\"og:locale\" content=\"es_ES\" \/>\n<meta property=\"og:type\" content=\"article\" \/>\n<meta property=\"og:title\" content=\"Pol\u00edtica de privacidad | Protecci\u00f3n de datos y seguridad | InsureAnyBoat\" \/>\n<meta property=\"og:description\" content=\"Descubra c\u00f3mo InsureAnyBoat recopila, utiliza y protege su informaci\u00f3n personal de acuerdo con nuestras pr\u00e1cticas de privacidad y seguridad de datos.\" \/>\n<meta property=\"og:url\" content=\"https:\/\/www.insureanyboat.com\/es\/politica-de-privacidad\/\" \/>\n<meta property=\"og:site_name\" content=\"InsureAnyBoat.com\" \/>\n<meta property=\"article:modified_time\" content=\"2026-03-06T21:07:44+00:00\" \/>\n<meta name=\"twitter:card\" content=\"summary_large_image\" \/>\n<meta name=\"twitter:label1\" content=\"Tiempo de lectura\" \/>\n\t<meta name=\"twitter:data1\" content=\"7 minutos\" \/>\n<script type=\"application\/ld+json\" class=\"yoast-schema-graph\">{\"@context\":\"https:\/\/schema.org\",\"@graph\":[{\"@type\":\"WebPage\",\"@id\":\"https:\/\/www.insureanyboat.com\/es\/politica-de-privacidad\/\",\"url\":\"https:\/\/www.insureanyboat.com\/es\/politica-de-privacidad\/\",\"name\":\"Pol\u00edtica de privacidad | Protecci\u00f3n de datos y seguridad | InsureAnyBoat\",\"isPartOf\":{\"@id\":\"https:\/\/www.insureanyboat.com\/es\/#website\"},\"datePublished\":\"2026-02-06T10:12:13+00:00\",\"dateModified\":\"2026-03-06T21:07:44+00:00\",\"description\":\"Descubra c\u00f3mo InsureAnyBoat recopila, utiliza y protege su informaci\u00f3n personal de acuerdo con nuestras pr\u00e1cticas de privacidad y seguridad de datos.\",\"breadcrumb\":{\"@id\":\"https:\/\/www.insureanyboat.com\/es\/politica-de-privacidad\/#breadcrumb\"},\"inLanguage\":\"es\",\"potentialAction\":[{\"@type\":\"ReadAction\",\"target\":[\"https:\/\/www.insureanyboat.com\/es\/politica-de-privacidad\/\"]}]},{\"@type\":\"BreadcrumbList\",\"@id\":\"https:\/\/www.insureanyboat.com\/es\/politica-de-privacidad\/#breadcrumb\",\"itemListElement\":[{\"@type\":\"ListItem\",\"position\":1,\"name\":\"Home\",\"item\":\"https:\/\/www.insureanyboat.com\/es\/\"},{\"@type\":\"ListItem\",\"position\":2,\"name\":\"Pol\u00edtica de Privacidad\"}]},{\"@type\":\"WebSite\",\"@id\":\"https:\/\/www.insureanyboat.com\/es\/#website\",\"url\":\"https:\/\/www.insureanyboat.com\/es\/\",\"name\":\"InsureAnyBoat.com\",\"description\":\"InsureAnyBoat.com\",\"potentialAction\":[{\"@type\":\"SearchAction\",\"target\":{\"@type\":\"EntryPoint\",\"urlTemplate\":\"https:\/\/www.insureanyboat.com\/es\/?s={search_term_string}\"},\"query-input\":{\"@type\":\"PropertyValueSpecification\",\"valueRequired\":true,\"valueName\":\"search_term_string\"}}],\"inLanguage\":\"es\"}]}<\/script>\n<!-- \/ Yoast SEO plugin. -->","yoast_head_json":{"title":"Pol\u00edtica de privacidad | Protecci\u00f3n de datos y seguridad | InsureAnyBoat","description":"Descubra c\u00f3mo InsureAnyBoat recopila, utiliza y protege su informaci\u00f3n personal de acuerdo con nuestras pr\u00e1cticas de privacidad y seguridad de datos.","robots":{"index":"index","follow":"follow","max-snippet":"max-snippet:-1","max-image-preview":"max-image-preview:large","max-video-preview":"max-video-preview:-1"},"canonical":"https:\/\/www.insureanyboat.com\/es\/politica-de-privacidad\/","og_locale":"es_ES","og_type":"article","og_title":"Pol\u00edtica de privacidad | Protecci\u00f3n de datos y seguridad | InsureAnyBoat","og_description":"Descubra c\u00f3mo InsureAnyBoat recopila, utiliza y protege su informaci\u00f3n personal de acuerdo con nuestras pr\u00e1cticas de privacidad y seguridad de datos.","og_url":"https:\/\/www.insureanyboat.com\/es\/politica-de-privacidad\/","og_site_name":"InsureAnyBoat.com","article_modified_time":"2026-03-06T21:07:44+00:00","twitter_card":"summary_large_image","twitter_misc":{"Tiempo de lectura":"7 minutos"},"schema":{"@context":"https:\/\/schema.org","@graph":[{"@type":"WebPage","@id":"https:\/\/www.insureanyboat.com\/es\/politica-de-privacidad\/","url":"https:\/\/www.insureanyboat.com\/es\/politica-de-privacidad\/","name":"Pol\u00edtica de privacidad | Protecci\u00f3n de datos y seguridad | InsureAnyBoat","isPartOf":{"@id":"https:\/\/www.insureanyboat.com\/es\/#website"},"datePublished":"2026-02-06T10:12:13+00:00","dateModified":"2026-03-06T21:07:44+00:00","description":"Descubra c\u00f3mo InsureAnyBoat recopila, utiliza y protege su informaci\u00f3n personal de acuerdo con nuestras pr\u00e1cticas de privacidad y seguridad de datos.","breadcrumb":{"@id":"https:\/\/www.insureanyboat.com\/es\/politica-de-privacidad\/#breadcrumb"},"inLanguage":"es","potentialAction":[{"@type":"ReadAction","target":["https:\/\/www.insureanyboat.com\/es\/politica-de-privacidad\/"]}]},{"@type":"BreadcrumbList","@id":"https:\/\/www.insureanyboat.com\/es\/politica-de-privacidad\/#breadcrumb","itemListElement":[{"@type":"ListItem","position":1,"name":"Home","item":"https:\/\/www.insureanyboat.com\/es\/"},{"@type":"ListItem","position":2,"name":"Pol\u00edtica de Privacidad"}]},{"@type":"WebSite","@id":"https:\/\/www.insureanyboat.com\/es\/#website","url":"https:\/\/www.insureanyboat.com\/es\/","name":"InsureAnyBoat.com","description":"InsureAnyBoat.com","potentialAction":[{"@type":"SearchAction","target":{"@type":"EntryPoint","urlTemplate":"https:\/\/www.insureanyboat.com\/es\/?s={search_term_string}"},"query-input":{"@type":"PropertyValueSpecification","valueRequired":true,"valueName":"search_term_string"}}],"inLanguage":"es"}]}},"_links":{"self":[{"href":"https:\/\/www.insureanyboat.com\/es\/wp-json\/wp\/v2\/pages\/4374","targetHints":{"allow":["GET"]}}],"collection":[{"href":"https:\/\/www.insureanyboat.com\/es\/wp-json\/wp\/v2\/pages"}],"about":[{"href":"https:\/\/www.insureanyboat.com\/es\/wp-json\/wp\/v2\/types\/page"}],"author":[{"embeddable":true,"href":"https:\/\/www.insureanyboat.com\/es\/wp-json\/wp\/v2\/users\/2"}],"replies":[{"embeddable":true,"href":"https:\/\/www.insureanyboat.com\/es\/wp-json\/wp\/v2\/comments?post=4374"}],"version-history":[{"count":6,"href":"https:\/\/www.insureanyboat.com\/es\/wp-json\/wp\/v2\/pages\/4374\/revisions"}],"predecessor-version":[{"id":4651,"href":"https:\/\/www.insureanyboat.com\/es\/wp-json\/wp\/v2\/pages\/4374\/revisions\/4651"}],"wp:attachment":[{"href":"https:\/\/www.insureanyboat.com\/es\/wp-json\/wp\/v2\/media?parent=4374"}],"curies":[{"name":"wp","href":"https:\/\/api.w.org\/{rel}","templated":true}]}}