{"id":4368,"date":"2026-02-24T00:23:48","date_gmt":"2026-02-24T05:23:48","guid":{"rendered":"https:\/\/www.insureanyboat.com\/?page_id=4368"},"modified":"2026-02-24T09:51:40","modified_gmt":"2026-02-24T14:51:40","slug":"barra-lateral-derecha-simple","status":"publish","type":"page","link":"https:\/\/www.insureanyboat.com\/es\/barra-lateral-derecha-simple\/","title":{"rendered":"Barra lateral derecha simple"},"content":{"rendered":"\t\t<div data-elementor-type=\"wp-page\" data-elementor-id=\"4368\" class=\"elementor elementor-4368 elementor-304\" data-elementor-post-type=\"page\">\n\t\t\t\t<div class=\"elementor-element elementor-element-d7cd007 e-flex e-con-boxed e-con e-parent\" data-id=\"d7cd007\" data-element_type=\"container\" data-settings=\"{&quot;background_background&quot;:&quot;classic&quot;,&quot;shape_divider_bottom&quot;:&quot;mountains&quot;}\">\n\t\t\t\t\t<div class=\"e-con-inner\">\n\t\t\t\t<div class=\"elementor-shape elementor-shape-bottom\" aria-hidden=\"true\" data-negative=\"false\">\n\t\t\t<svg xmlns=\"http:\/\/www.w3.org\/2000\/svg\" viewBox=\"0 0 1000 100\" preserveAspectRatio=\"none\">\n\t<path class=\"elementor-shape-fill\" opacity=\"0.33\" d=\"M473,67.3c-203.9,88.3-263.1-34-320.3,0C66,119.1,0,59.7,0,59.7V0h1000v59.7 c0,0-62.1,26.1-94.9,29.3c-32.8,3.3-62.8-12.3-75.8-22.1C806,49.6,745.3,8.7,694.9,4.7S492.4,59,473,67.3z\"\/>\n\t<path class=\"elementor-shape-fill\" opacity=\"0.66\" d=\"M734,67.3c-45.5,0-77.2-23.2-129.1-39.1c-28.6-8.7-150.3-10.1-254,39.1 s-91.7-34.4-149.2,0C115.7,118.3,0,39.8,0,39.8V0h1000v36.5c0,0-28.2-18.5-92.1-18.5C810.2,18.1,775.7,67.3,734,67.3z\"\/>\n\t<path class=\"elementor-shape-fill\" d=\"M766.1,28.9c-200-57.5-266,65.5-395.1,19.5C242,1.8,242,5.4,184.8,20.6C128,35.8,132.3,44.9,89.9,52.5C28.6,63.7,0,0,0,0 h1000c0,0-9.9,40.9-83.6,48.1S829.6,47,766.1,28.9z\"\/>\n<\/svg>\t\t<\/div>\n\t\t<div class=\"elementor-element elementor-element-6e305a8 e-con-full e-flex elementor-invisible e-con e-child\" data-id=\"6e305a8\" data-element_type=\"container\" data-settings=\"{&quot;animation&quot;:&quot;fadeInUp&quot;}\">\n\t\t\t\t<\/div>\n\t\t\t\t\t<\/div>\n\t\t\t\t<\/div>\n\t\t<div class=\"elementor-element elementor-element-da8b74a e-flex e-con-boxed e-con e-parent\" data-id=\"da8b74a\" data-element_type=\"container\">\n\t\t\t\t\t<div class=\"e-con-inner\">\n\t\t<div class=\"elementor-element elementor-element-c16f5dd e-con-full e-flex elementor-invisible e-con e-child\" data-id=\"c16f5dd\" data-element_type=\"container\" data-settings=\"{&quot;animation&quot;:&quot;fadeInUp&quot;}\">\n\t\t\t\t<div class=\"elementor-element elementor-element-eb0123a elementor-widget elementor-widget-heading\" data-id=\"eb0123a\" data-element_type=\"widget\" data-widget_type=\"heading.default\">\n\t\t\t\t<div class=\"elementor-widget-container\">\n\t\t\t\t\t<h2 class=\"elementor-heading-title elementor-size-default\">Contacte con un Corredor de Seguros para Barcos de Alto Rendimiento\n<\/h2>\t\t\t\t<\/div>\n\t\t\t\t<\/div>\n\t\t\t\t<div class=\"elementor-element elementor-element-5619d56 elementor-widget elementor-widget-text-editor\" data-id=\"5619d56\" data-element_type=\"widget\" data-widget_type=\"text-editor.default\">\n\t\t\t\t<div class=\"elementor-widget-container\">\n\t\t\t\t\t\t\t\t\t<p>InsureAnyBoat.com ofrece las mejores p\u00f3lizas de seguros para barcos de alto rendimiento y carreras en Miami. Si necesita asegurar su barco de tres o m\u00e1s motores en Miami, InsureAnyBoat.com es su mejor aliado.<\/p><p>Ya sea que posea una sola lancha r\u00e1pida o una flota completa, en InsureAnyBoat.com le garantizamos la protecci\u00f3n a su bote de alto rendimiento.<\/p><p>Somos sus expertos en seguros para Botes de Alto Rendimiento en Miami. Si busca una cotizaci\u00f3n de seguro gratis y sin compromiso, contacte hoy con un corredor de seguros para botes de velocidad en Florida al 1-1800-585-1665.<\/p>\t\t\t\t\t\t\t\t<\/div>\n\t\t\t\t<\/div>\n\t\t\t\t<div class=\"elementor-element elementor-element-ab65857 elementor-widget elementor-widget-text-editor\" data-id=\"ab65857\" data-element_type=\"widget\" data-widget_type=\"text-editor.default\">\n\t\t\t\t<div class=\"elementor-widget-container\">\n\t\t\t\t\t\t\t\t\t<p><strong>OPCIONES DE P\u00d3LIZAS:<\/strong><\/p><ul><li>P\u00f3lizas de valor acordado, coste de reposici\u00f3n &amp; valor real en efectivo<\/li><li>Valores del casco desde $50.000,00 hasta $100.000.000,00<\/li><li>L\u00edmites de Responsabilidad Civil desde $100.000 hasta $10.000.000<\/li><li>Velocidades m\u00e1ximas del bote de hasta 180 MPH<\/li><li>Configuraciones de uno, dos, tres o cuatro motores<\/li><li>Efectos Personales y Equipos de Pesca<\/li><li>Da\u00f1os en Maquinaria Submarina<\/li><li>Cobertura por Tormentas de Viento y Huracanes<\/li><li>Cobertura M\u00e9dica y Para Navegantes Sin Seguro<\/li><\/ul>\t\t\t\t\t\t\t\t<\/div>\n\t\t\t\t<\/div>\n\t\t\t\t<div class=\"elementor-element elementor-element-fcf6d83 elementor-widget elementor-widget-text-editor\" data-id=\"fcf6d83\" data-element_type=\"widget\" data-widget_type=\"text-editor.default\">\n\t\t\t\t<div class=\"elementor-widget-container\">\n\t\t\t\t\t\t\t\t\t<p><strong>NAVEGACI\u00d3N FUERA DE AGUAS DE EE. UU.:<\/strong><\/p><ul><li>Mar Caribe.<\/li><li>Aguas sudamericanas<\/li><li>Aguas centroamericanas<\/li><li>Aguas del Mediterr\u00e1neo<\/li><li>Traves\u00eda transatl\u00e1ntica<\/li><li>Tr\u00e1nsitos y entregas del Canal de Panam\u00e1<\/li><li>Cobertura para carga y mercanc\u00eda a bordo<\/li><li>Navegaci\u00f3n oce\u00e1nica y extendida<\/li><\/ul>\t\t\t\t\t\t\t\t<\/div>\n\t\t\t\t<\/div>\n\t\t\t\t<div class=\"elementor-element elementor-element-69afe92 elementor-widget elementor-widget-text-editor\" data-id=\"69afe92\" data-element_type=\"widget\" data-widget_type=\"text-editor.default\">\n\t\t\t\t<div class=\"elementor-widget-container\">\n\t\t\t\t\t\t\t\t\t<p><strong>DESCUENTOS DISPONIBLES PARA:<\/strong><\/p><ul><li>Cursos de Seguridad N\u00e1utica (USCG, USPS, ASA, State)<\/li><li>Dispositivo de Seguimiento GPS<\/li><li>Sistemas Autom\u00e1ticos Contra Incendios<\/li><li>Informes MVR limpios<\/li><li>Sin p\u00e9rdidas ni reclamaciones en los \u00faltimos tres a\u00f1os<\/li><li>Experiencia previa en navegaci\u00f3n.<\/li><li>Embarcaciones de cinco a\u00f1os o menos<\/li><li>Invernaje y almacenamiento (hasta seis meses)<\/li><li>Uso exclusivo en agua dulce<\/li><\/ul>\t\t\t\t\t\t\t\t<\/div>\n\t\t\t\t<\/div>\n\t\t\t\t<\/div>\n\t\t<div class=\"elementor-element elementor-element-d360c82 e-con-full e-flex elementor-invisible e-con e-child\" data-id=\"d360c82\" data-element_type=\"container\" data-settings=\"{&quot;background_background&quot;:&quot;classic&quot;,&quot;sticky&quot;:&quot;top&quot;,&quot;sticky_on&quot;:[&quot;desktop&quot;],&quot;sticky_offset&quot;:100,&quot;animation&quot;:&quot;fadeInUp&quot;,&quot;sticky_effects_offset&quot;:0,&quot;sticky_anchor_link_offset&quot;:0}\">\n\t\t<div class=\"elementor-element elementor-element-a689dda e-con-full e-flex e-con e-child\" data-id=\"a689dda\" data-element_type=\"container\">\n\t\t\t\t<div class=\"elementor-element elementor-element-5976fbc elementor-widget elementor-widget-heading\" data-id=\"5976fbc\" data-element_type=\"widget\" data-widget_type=\"heading.default\">\n\t\t\t\t<div class=\"elementor-widget-container\">\n\t\t\t\t\t<h3 class=\"elementor-heading-title elementor-size-default\">Pida su Cotizaci\u00f3n<\/h3>\t\t\t\t<\/div>\n\t\t\t\t<\/div>\n\t\t\t\t<div class=\"elementor-element elementor-element-88ac884 elementor-widget elementor-widget-shortcode\" data-id=\"88ac884\" data-element_type=\"widget\" data-widget_type=\"shortcode.default\">\n\t\t\t\t<div class=\"elementor-widget-container\">\n\t\t\t\t\t\t\t<div class=\"elementor-shortcode\"><div class=\"frm_forms  with_frm_style frm_style_formidable-style\" id=\"frm_form_3_container\" data-token=\"e6e9131ef5db1a9f8ed1aed2c6f4e637\">\n<form enctype=\"multipart\/form-data\" method=\"post\" class=\"frm-show-form  frm_pro_form \" id=\"form_request-a-quote\" data-token=\"e6e9131ef5db1a9f8ed1aed2c6f4e637\">\n<div class=\"frm_form_fields \">\n<fieldset>\n<legend class=\"frm_screen_reader\">Request a Quote<\/legend>\n\n<div class=\"frm_fields_container\">\n<input type=\"hidden\" name=\"frm_action\" value=\"create\" \/>\n<input type=\"hidden\" name=\"form_id\" value=\"3\" \/>\n<input type=\"hidden\" name=\"frm_hide_fields_3\" id=\"frm_hide_fields_3\" value=\"\" \/>\n<input type=\"hidden\" name=\"form_key\" value=\"request-a-quote\" \/>\n<input type=\"hidden\" name=\"item_meta[0]\" value=\"\" \/>\n<input type=\"hidden\" id=\"frm_submit_entry_3\" name=\"frm_submit_entry_3\" value=\"c4e1b7e387\" \/><input type=\"hidden\" name=\"_wp_http_referer\" value=\"\/es\/wp-json\/wp\/v2\/pages\/4368\" \/><div id=\"frm_field_17_container\" class=\"frm_form_field form-field  frm_required_field frm_inside_container\">\n\t<label for=\"field_smti5\" id=\"field_smti5_label\" class=\"frm_primary_label\">Name\n\t\t<span class=\"frm_required\" aria-hidden=\"true\">*<\/span>\n\t<\/label>\n\t<input  type=\"text\" id=\"field_smti5\" name=\"item_meta[17]\" value=\"\"  data-reqmsg=\"Name cannot be blank.\" aria-required=\"true\" data-invmsg=\"Name is invalid\" aria-invalid=\"false\"   \/>\n\t\n\t\n<\/div>\n<div id=\"frm_field_18_container\" class=\"frm_form_field form-field  frm_required_field frm_inside_container\">\n\t<label for=\"field_wplrr\" id=\"field_wplrr_label\" class=\"frm_primary_label\">Email\n\t\t<span class=\"frm_required\" aria-hidden=\"true\">*<\/span>\n\t<\/label>\n\t<input type=\"email\" id=\"field_wplrr\" name=\"item_meta[18]\" value=\"\"  autocomplete=\"email\"  data-reqmsg=\"Email cannot be blank.\" aria-required=\"true\" data-invmsg=\"Email is invalid\" aria-invalid=\"false\"  \/>\n\t\n\t\n<\/div>\n<div id=\"frm_field_19_container\" class=\"frm_form_field form-field  frm_required_field frm_inside_container\">\n\t<label for=\"field_kv41h\" id=\"field_kv41h_label\" class=\"frm_primary_label\">Phone\n\t\t<span class=\"frm_required\" aria-hidden=\"true\">*<\/span>\n\t<\/label>\n\t<input type=\"tel\" id=\"field_kv41h\" name=\"item_meta[19]\" value=\"\"  data-reqmsg=\"Phone cannot be blank.\" aria-required=\"true\" data-invmsg=\"Phone is invalid\" aria-invalid=\"false\" pattern=\"((\\+\\d{1,3}(-|.| )?\\(?\\d\\)?(-| |.)?\\d{1,5})|(\\(?\\d{2,6}\\)?))(-|.| )?(\\d{3,4})(-|.| )?(\\d{4})(( x| ext)\\d{1,5}){0,1}$\"  \/>\n\t\n\t\n<\/div>\n<div id=\"frm_field_16_container\" class=\"frm_form_field form-field \">\n\t<div class=\"frm_submit frm_flex\">\n<button class=\"frm_button_submit frm_final_submit\" type=\"submit\"   formnovalidate=\"formnovalidate\">Submit<\/button>\n\n\n\n<\/div>\n<\/div>\n\t<input type=\"hidden\" name=\"item_key\" value=\"\" \/>\n\t\t\t<div id=\"frm_field_899_container\">\n\t\t\t<label for=\"field_ljo5j\" >\n\t\t\t\tSi eres humano, deja este campo en blanco.\t\t\t<\/label>\n\t\t\t<input  id=\"field_ljo5j\" type=\"text\" class=\"frm_form_field form-field frm_verify\" name=\"item_meta[899]\" value=\"\"  \/>\n\t\t<\/div>\n\t\t<input name=\"frm_state\" type=\"hidden\" value=\"SRiNlXKbiKP\/LwxrmKAetq+ykKIuua3ObLeZ3ywhwS1jONGWWskkY8UkBEz1bU1f\" \/><\/div>\n<\/fieldset>\n<\/div>\n\n<\/form>\n<\/div>\n<\/div>\n\t\t\t\t\t\t<\/div>\n\t\t\t\t<\/div>\n\t\t\t\t<\/div>\n\t\t\t\t<\/div>\n\t\t\t\t\t<\/div>\n\t\t\t\t<\/div>\n\t\t\t\t<\/div>\n\t\t","protected":false},"excerpt":{"rendered":"<p>Contacte con un Corredor de Seguros para Barcos de Alto Rendimiento InsureAnyBoat.com ofrece las mejores p\u00f3lizas de seguros para barcos de alto rendimiento y carreras en Miami. Si necesita asegurar su barco de tres o m\u00e1s motores en Miami, InsureAnyBoat.com es su mejor aliado. Ya sea que posea una sola lancha r\u00e1pida o una flota [&hellip;]<\/p>\n","protected":false},"author":2,"featured_media":0,"parent":0,"menu_order":0,"comment_status":"closed","ping_status":"closed","template":"","meta":{"footnotes":""},"class_list":["post-4368","page","type-page","status-publish","hentry"],"yoast_head":"<!-- This site is optimized with the Yoast SEO plugin v27.0 - https:\/\/yoast.com\/product\/yoast-seo-wordpress\/ -->\n<title>Dise\u00f1o sencillo con barra lateral derecha | InsureAnyBoat<\/title>\n<meta name=\"description\" content=\"Explore nuestro dise\u00f1o sencillo con barra lateral derecha, pensado para una navegaci\u00f3n clara, contenido organizado y una experiencia de navegaci\u00f3n f\u00e1cil de usar.\" \/>\n<meta name=\"robots\" content=\"index, follow, max-snippet:-1, max-image-preview:large, max-video-preview:-1\" \/>\n<link rel=\"canonical\" href=\"https:\/\/www.insureanyboat.com\/es\/barra-lateral-derecha-simple\/\" \/>\n<meta property=\"og:locale\" content=\"es_ES\" \/>\n<meta property=\"og:type\" content=\"article\" \/>\n<meta property=\"og:title\" content=\"Dise\u00f1o sencillo con barra lateral derecha | InsureAnyBoat\" \/>\n<meta property=\"og:description\" content=\"Explore nuestro dise\u00f1o sencillo con barra lateral derecha, pensado para una navegaci\u00f3n clara, contenido organizado y una experiencia de navegaci\u00f3n f\u00e1cil de usar.\" \/>\n<meta property=\"og:url\" content=\"https:\/\/www.insureanyboat.com\/es\/barra-lateral-derecha-simple\/\" \/>\n<meta property=\"og:site_name\" content=\"InsureAnyBoat.com\" \/>\n<meta property=\"article:modified_time\" content=\"2026-02-24T14:51:40+00:00\" \/>\n<meta name=\"twitter:card\" content=\"summary_large_image\" \/>\n<meta name=\"twitter:label1\" content=\"Tiempo de lectura\" \/>\n\t<meta name=\"twitter:data1\" content=\"1 minuto\" \/>\n<script type=\"application\/ld+json\" class=\"yoast-schema-graph\">{\"@context\":\"https:\/\/schema.org\",\"@graph\":[{\"@type\":\"WebPage\",\"@id\":\"https:\/\/www.insureanyboat.com\/es\/barra-lateral-derecha-simple\/\",\"url\":\"https:\/\/www.insureanyboat.com\/es\/barra-lateral-derecha-simple\/\",\"name\":\"Dise\u00f1o sencillo con barra lateral derecha | InsureAnyBoat\",\"isPartOf\":{\"@id\":\"https:\/\/www.insureanyboat.com\/es\/#website\"},\"datePublished\":\"2026-02-24T05:23:48+00:00\",\"dateModified\":\"2026-02-24T14:51:40+00:00\",\"description\":\"Explore nuestro dise\u00f1o sencillo con barra lateral derecha, pensado para una navegaci\u00f3n clara, contenido organizado y una experiencia de navegaci\u00f3n f\u00e1cil de usar.\",\"breadcrumb\":{\"@id\":\"https:\/\/www.insureanyboat.com\/es\/barra-lateral-derecha-simple\/#breadcrumb\"},\"inLanguage\":\"es\",\"potentialAction\":[{\"@type\":\"ReadAction\",\"target\":[\"https:\/\/www.insureanyboat.com\/es\/barra-lateral-derecha-simple\/\"]}]},{\"@type\":\"BreadcrumbList\",\"@id\":\"https:\/\/www.insureanyboat.com\/es\/barra-lateral-derecha-simple\/#breadcrumb\",\"itemListElement\":[{\"@type\":\"ListItem\",\"position\":1,\"name\":\"Home\",\"item\":\"https:\/\/www.insureanyboat.com\/es\/\"},{\"@type\":\"ListItem\",\"position\":2,\"name\":\"Barra lateral derecha simple\"}]},{\"@type\":\"WebSite\",\"@id\":\"https:\/\/www.insureanyboat.com\/es\/#website\",\"url\":\"https:\/\/www.insureanyboat.com\/es\/\",\"name\":\"InsureAnyBoat.com\",\"description\":\"InsureAnyBoat.com\",\"potentialAction\":[{\"@type\":\"SearchAction\",\"target\":{\"@type\":\"EntryPoint\",\"urlTemplate\":\"https:\/\/www.insureanyboat.com\/es\/?s={search_term_string}\"},\"query-input\":{\"@type\":\"PropertyValueSpecification\",\"valueRequired\":true,\"valueName\":\"search_term_string\"}}],\"inLanguage\":\"es\"}]}<\/script>\n<!-- \/ Yoast SEO plugin. -->","yoast_head_json":{"title":"Dise\u00f1o sencillo con barra lateral derecha | InsureAnyBoat","description":"Explore nuestro dise\u00f1o sencillo con barra lateral derecha, pensado para una navegaci\u00f3n clara, contenido organizado y una experiencia de navegaci\u00f3n f\u00e1cil de usar.","robots":{"index":"index","follow":"follow","max-snippet":"max-snippet:-1","max-image-preview":"max-image-preview:large","max-video-preview":"max-video-preview:-1"},"canonical":"https:\/\/www.insureanyboat.com\/es\/barra-lateral-derecha-simple\/","og_locale":"es_ES","og_type":"article","og_title":"Dise\u00f1o sencillo con barra lateral derecha | InsureAnyBoat","og_description":"Explore nuestro dise\u00f1o sencillo con barra lateral derecha, pensado para una navegaci\u00f3n clara, contenido organizado y una experiencia de navegaci\u00f3n f\u00e1cil de usar.","og_url":"https:\/\/www.insureanyboat.com\/es\/barra-lateral-derecha-simple\/","og_site_name":"InsureAnyBoat.com","article_modified_time":"2026-02-24T14:51:40+00:00","twitter_card":"summary_large_image","twitter_misc":{"Tiempo de lectura":"1 minuto"},"schema":{"@context":"https:\/\/schema.org","@graph":[{"@type":"WebPage","@id":"https:\/\/www.insureanyboat.com\/es\/barra-lateral-derecha-simple\/","url":"https:\/\/www.insureanyboat.com\/es\/barra-lateral-derecha-simple\/","name":"Dise\u00f1o sencillo con barra lateral derecha | InsureAnyBoat","isPartOf":{"@id":"https:\/\/www.insureanyboat.com\/es\/#website"},"datePublished":"2026-02-24T05:23:48+00:00","dateModified":"2026-02-24T14:51:40+00:00","description":"Explore nuestro dise\u00f1o sencillo con barra lateral derecha, pensado para una navegaci\u00f3n clara, contenido organizado y una experiencia de navegaci\u00f3n f\u00e1cil de usar.","breadcrumb":{"@id":"https:\/\/www.insureanyboat.com\/es\/barra-lateral-derecha-simple\/#breadcrumb"},"inLanguage":"es","potentialAction":[{"@type":"ReadAction","target":["https:\/\/www.insureanyboat.com\/es\/barra-lateral-derecha-simple\/"]}]},{"@type":"BreadcrumbList","@id":"https:\/\/www.insureanyboat.com\/es\/barra-lateral-derecha-simple\/#breadcrumb","itemListElement":[{"@type":"ListItem","position":1,"name":"Home","item":"https:\/\/www.insureanyboat.com\/es\/"},{"@type":"ListItem","position":2,"name":"Barra lateral derecha simple"}]},{"@type":"WebSite","@id":"https:\/\/www.insureanyboat.com\/es\/#website","url":"https:\/\/www.insureanyboat.com\/es\/","name":"InsureAnyBoat.com","description":"InsureAnyBoat.com","potentialAction":[{"@type":"SearchAction","target":{"@type":"EntryPoint","urlTemplate":"https:\/\/www.insureanyboat.com\/es\/?s={search_term_string}"},"query-input":{"@type":"PropertyValueSpecification","valueRequired":true,"valueName":"search_term_string"}}],"inLanguage":"es"}]}},"_links":{"self":[{"href":"https:\/\/www.insureanyboat.com\/es\/wp-json\/wp\/v2\/pages\/4368","targetHints":{"allow":["GET"]}}],"collection":[{"href":"https:\/\/www.insureanyboat.com\/es\/wp-json\/wp\/v2\/pages"}],"about":[{"href":"https:\/\/www.insureanyboat.com\/es\/wp-json\/wp\/v2\/types\/page"}],"author":[{"embeddable":true,"href":"https:\/\/www.insureanyboat.com\/es\/wp-json\/wp\/v2\/users\/2"}],"replies":[{"embeddable":true,"href":"https:\/\/www.insureanyboat.com\/es\/wp-json\/wp\/v2\/comments?post=4368"}],"version-history":[{"count":5,"href":"https:\/\/www.insureanyboat.com\/es\/wp-json\/wp\/v2\/pages\/4368\/revisions"}],"predecessor-version":[{"id":4602,"href":"https:\/\/www.insureanyboat.com\/es\/wp-json\/wp\/v2\/pages\/4368\/revisions\/4602"}],"wp:attachment":[{"href":"https:\/\/www.insureanyboat.com\/es\/wp-json\/wp\/v2\/media?parent=4368"}],"curies":[{"name":"wp","href":"https:\/\/api.w.org\/{rel}","templated":true}]}}