{"id":4360,"date":"2026-02-06T04:44:37","date_gmt":"2026-02-06T09:44:37","guid":{"rendered":"https:\/\/www.insureanyboat.com\/blog\/"},"modified":"2026-02-24T10:06:58","modified_gmt":"2026-02-24T15:06:58","slug":"blog","status":"publish","type":"page","link":"https:\/\/www.insureanyboat.com\/es\/blog\/","title":{"rendered":"Blog"},"content":{"rendered":"\t\t<div data-elementor-type=\"wp-page\" data-elementor-id=\"4360\" class=\"elementor elementor-4360 elementor-3026\" data-elementor-post-type=\"page\">\n\t\t\t\t<div class=\"elementor-element elementor-element-a4380d6 e-flex e-con-boxed e-con e-parent\" data-id=\"a4380d6\" data-element_type=\"container\" data-settings=\"{&quot;background_background&quot;:&quot;classic&quot;,&quot;shape_divider_bottom&quot;:&quot;waves&quot;}\">\n\t\t\t\t\t<div class=\"e-con-inner\">\n\t\t\t\t<div class=\"elementor-shape elementor-shape-bottom\" aria-hidden=\"true\" data-negative=\"false\">\n\t\t\t<svg xmlns=\"http:\/\/www.w3.org\/2000\/svg\" viewBox=\"0 0 1000 100\" preserveAspectRatio=\"none\">\n\t<path class=\"elementor-shape-fill\" d=\"M421.9,6.5c22.6-2.5,51.5,0.4,75.5,5.3c23.6,4.9,70.9,23.5,100.5,35.7c75.8,32.2,133.7,44.5,192.6,49.7\n\tc23.6,2.1,48.7,3.5,103.4-2.5c54.7-6,106.2-25.6,106.2-25.6V0H0v30.3c0,0,72,32.6,158.4,30.5c39.2-0.7,92.8-6.7,134-22.4\n\tc21.2-8.1,52.2-18.2,79.7-24.2C399.3,7.9,411.6,7.5,421.9,6.5z\"\/>\n<\/svg>\t\t<\/div>\n\t\t<div class=\"elementor-element elementor-element-d2c63ad e-con-full e-flex elementor-invisible e-con e-child\" data-id=\"d2c63ad\" data-element_type=\"container\" data-settings=\"{&quot;animation&quot;:&quot;fadeInUp&quot;}\">\n\t\t\t\t<\/div>\n\t\t\t\t\t<\/div>\n\t\t\t\t<\/div>\n\t\t<div class=\"elementor-element elementor-element-30ae973 e-flex e-con-boxed e-con e-parent\" data-id=\"30ae973\" data-element_type=\"container\" data-settings=\"{&quot;background_background&quot;:&quot;classic&quot;}\">\n\t\t\t\t\t<div class=\"e-con-inner\">\n\t\t<div class=\"elementor-element elementor-element-7ee4120 e-con-full e-flex elementor-invisible e-con e-child\" data-id=\"7ee4120\" data-element_type=\"container\" data-settings=\"{&quot;animation&quot;:&quot;fadeInUp&quot;}\">\n\t\t\t\t<div class=\"elementor-element elementor-element-58aecd3 elementor-posts--align-center elementor-grid-3 elementor-grid-tablet-2 elementor-grid-mobile-1 elementor-posts--thumbnail-top elementor-posts--show-avatar elementor-card-shadow-yes elementor-posts__hover-gradient load-more-align-center elementor-widget elementor-widget-posts\" data-id=\"58aecd3\" data-element_type=\"widget\" data-settings=\"{&quot;pagination_type&quot;:&quot;load_more_on_click&quot;,&quot;cards_columns&quot;:&quot;3&quot;,&quot;cards_columns_tablet&quot;:&quot;2&quot;,&quot;cards_columns_mobile&quot;:&quot;1&quot;,&quot;cards_row_gap&quot;:{&quot;unit&quot;:&quot;px&quot;,&quot;size&quot;:35,&quot;sizes&quot;:[]},&quot;cards_row_gap_tablet&quot;:{&quot;unit&quot;:&quot;px&quot;,&quot;size&quot;:&quot;&quot;,&quot;sizes&quot;:[]},&quot;cards_row_gap_mobile&quot;:{&quot;unit&quot;:&quot;px&quot;,&quot;size&quot;:&quot;&quot;,&quot;sizes&quot;:[]},&quot;load_more_spinner&quot;:{&quot;value&quot;:&quot;fas fa-spinner&quot;,&quot;library&quot;:&quot;fa-solid&quot;}}\" data-widget_type=\"posts.cards\">\n\t\t\t\t<div class=\"elementor-widget-container\">\n\t\t\t\t\t\t\t<div class=\"elementor-posts-container elementor-posts elementor-posts--skin-cards elementor-grid\" role=\"list\">\n\t\t\t\t<article class=\"elementor-post elementor-grid-item post-4574 post type-post status-publish format-standard hentry category-seguros-para-barcos\" role=\"listitem\">\n\t\t\t<div class=\"elementor-post__card\">\n\t\t\t\t<div class=\"elementor-post__text\">\n\t\t\t\t<h3 class=\"elementor-post__title\">\n\t\t\t<a href=\"https:\/\/www.insureanyboat.com\/es\/las-causas-mas-comunes-de-accidentes-nauticos\/\" >\n\t\t\t\tLas causas m\u00e1s comunes de accidentes mar\u00edtimos\t\t\t<\/a>\n\t\t<\/h3>\n\t\t\t\t<div class=\"elementor-post__excerpt\">\n\t\t\t<p>Si hay algo con lo que los corredores de seguros mar\u00edtimos y los representantes de las aseguradoras est\u00e1n familiarizados, son las estad\u00edsticas del sector. Por<\/p>\n\t\t<\/div>\n\t\t\n\t\t<a class=\"elementor-post__read-more\" href=\"https:\/\/www.insureanyboat.com\/es\/las-causas-mas-comunes-de-accidentes-nauticos\/\" aria-label=\"M\u00e1s informaci\u00f3n sobre Las causas m\u00e1s comunes de accidentes mar\u00edtimos\" tabindex=\"-1\" >\n\t\t\tLeer m\u00e1s \u00bb\t\t<\/a>\n\n\t\t\t\t<\/div>\n\t\t\t\t<div class=\"elementor-post__meta-data\">\n\t\t\t\t\t<span class=\"elementor-post-date\">\n\t\t\t14 de agosto de 2017\t\t<\/span>\n\t\t\t\t<\/div>\n\t\t\t\t\t<\/div>\n\t\t<\/article>\n\t\t\t\t<article class=\"elementor-post elementor-grid-item post-4570 post type-post status-publish format-standard hentry category-yates\" role=\"listitem\">\n\t\t\t<div class=\"elementor-post__card\">\n\t\t\t\t<div class=\"elementor-post__text\">\n\t\t\t\t<h3 class=\"elementor-post__title\">\n\t\t\t<a href=\"https:\/\/www.insureanyboat.com\/es\/mantenerse-al-tanto-de-las-condiciones-meteorologicas-al-navegar-en-yate\/\" >\n\t\t\t\tMantenerse al tanto de las condiciones meteorol\u00f3gicas al navegar en yate\t\t\t<\/a>\n\t\t<\/h3>\n\t\t\t\t<div class=\"elementor-post__excerpt\">\n\t\t\t<p>No hace falta decir que el clima a lo largo de las costas atl\u00e1ntica y del Golfo de Florida puede ser muy temperamental, de ah\u00ed<\/p>\n\t\t<\/div>\n\t\t\n\t\t<a class=\"elementor-post__read-more\" href=\"https:\/\/www.insureanyboat.com\/es\/mantenerse-al-tanto-de-las-condiciones-meteorologicas-al-navegar-en-yate\/\" aria-label=\"M\u00e1s informaci\u00f3n sobre Mantenerse al tanto de las condiciones meteorol\u00f3gicas al navegar en yate\" tabindex=\"-1\" >\n\t\t\tLeer m\u00e1s \u00bb\t\t<\/a>\n\n\t\t\t\t<\/div>\n\t\t\t\t<div class=\"elementor-post__meta-data\">\n\t\t\t\t\t<span class=\"elementor-post-date\">\n\t\t\t10 de agosto de 2017\t\t<\/span>\n\t\t\t\t<\/div>\n\t\t\t\t\t<\/div>\n\t\t<\/article>\n\t\t\t\t<article class=\"elementor-post elementor-grid-item post-4566 post type-post status-publish format-standard hentry category-seguros-para-barcos\" role=\"listitem\">\n\t\t\t<div class=\"elementor-post__card\">\n\t\t\t\t<div class=\"elementor-post__text\">\n\t\t\t\t<h3 class=\"elementor-post__title\">\n\t\t\t<a href=\"https:\/\/www.insureanyboat.com\/es\/como-mantener-a-sus-hijos-seguros-en-el-agua\/\" >\n\t\t\t\tC\u00f3mo Mantener a sus Hijos Seguros en el Mar\t\t\t<\/a>\n\t\t<\/h3>\n\t\t\t\t<div class=\"elementor-post__excerpt\">\n\t\t\t<p>Si est\u00e1 navegando por primera vez o si es un veterano en el mar, la seguridad de sus pasajeros debe ser una prioridad, especialmente cuando<\/p>\n\t\t<\/div>\n\t\t\n\t\t<a class=\"elementor-post__read-more\" href=\"https:\/\/www.insureanyboat.com\/es\/como-mantener-a-sus-hijos-seguros-en-el-agua\/\" aria-label=\"M\u00e1s informaci\u00f3n sobre C\u00f3mo Mantener a sus Hijos Seguros en el Mar\" tabindex=\"-1\" >\n\t\t\tLeer m\u00e1s \u00bb\t\t<\/a>\n\n\t\t\t\t<\/div>\n\t\t\t\t<div class=\"elementor-post__meta-data\">\n\t\t\t\t\t<span class=\"elementor-post-date\">\n\t\t\t8 de agosto de 2017\t\t<\/span>\n\t\t\t\t<\/div>\n\t\t\t\t\t<\/div>\n\t\t<\/article>\n\t\t\t\t<article class=\"elementor-post elementor-grid-item post-4561 post type-post status-publish format-standard hentry category-yates\" role=\"listitem\">\n\t\t\t<div class=\"elementor-post__card\">\n\t\t\t\t<div class=\"elementor-post__text\">\n\t\t\t\t<h3 class=\"elementor-post__title\">\n\t\t\t<a href=\"https:\/\/www.insureanyboat.com\/es\/consejos-de-preparacion-para-huracanes-para-propietarios-de-barcos-y-yates\/\" >\n\t\t\t\tRecomendaciones Para Prepararse Ante Huracanes si es Due\u00f1o de un Barco o Yate\t\t\t<\/a>\n\t\t<\/h3>\n\t\t\t\t<div class=\"elementor-post__excerpt\">\n\t\t\t<p>Proteger un yate implica mucho m\u00e1s que contar con una p\u00f3liza de seguro adecuada. Una inversi\u00f3n de esta magnitud exige estar preparado, tener un plan<\/p>\n\t\t<\/div>\n\t\t\n\t\t<a class=\"elementor-post__read-more\" href=\"https:\/\/www.insureanyboat.com\/es\/consejos-de-preparacion-para-huracanes-para-propietarios-de-barcos-y-yates\/\" aria-label=\"M\u00e1s informaci\u00f3n sobre Recomendaciones Para Prepararse Ante Huracanes si es Due\u00f1o de un Barco o Yate\" tabindex=\"-1\" >\n\t\t\tLeer m\u00e1s \u00bb\t\t<\/a>\n\n\t\t\t\t<\/div>\n\t\t\t\t<div class=\"elementor-post__meta-data\">\n\t\t\t\t\t<span class=\"elementor-post-date\">\n\t\t\t4 de agosto de 2017\t\t<\/span>\n\t\t\t\t<\/div>\n\t\t\t\t\t<\/div>\n\t\t<\/article>\n\t\t\t\t<article class=\"elementor-post elementor-grid-item post-4498 post type-post status-publish format-standard hentry category-seguros-para-barcos\" role=\"listitem\">\n\t\t\t<div class=\"elementor-post__card\">\n\t\t\t\t<div class=\"elementor-post__text\">\n\t\t\t\t<h3 class=\"elementor-post__title\">\n\t\t\t<a href=\"https:\/\/www.insureanyboat.com\/es\/consejos-utiles-de-compra-para-navegantes-primerizos\/\" >\n\t\t\t\tConsejos \u00datiles de Compra Para Navegantes Novatos\t\t\t<\/a>\n\t\t<\/h3>\n\t\t\t\t<div class=\"elementor-post__excerpt\">\n\t\t\t<p>Para el navegante novato, nada supera la emoci\u00f3n de adquirir su primer bote. Sin embargo, tambi\u00e9n puede resultar un tanto intimidante, especialmente si no tiene<\/p>\n\t\t<\/div>\n\t\t\n\t\t<a class=\"elementor-post__read-more\" href=\"https:\/\/www.insureanyboat.com\/es\/consejos-utiles-de-compra-para-navegantes-primerizos\/\" aria-label=\"M\u00e1s informaci\u00f3n sobre Consejos \u00datiles de Compra Para Navegantes Novatos\" tabindex=\"-1\" >\n\t\t\tLeer m\u00e1s \u00bb\t\t<\/a>\n\n\t\t\t\t<\/div>\n\t\t\t\t<div class=\"elementor-post__meta-data\">\n\t\t\t\t\t<span class=\"elementor-post-date\">\n\t\t\t2 de agosto de 2017\t\t<\/span>\n\t\t\t\t<\/div>\n\t\t\t\t\t<\/div>\n\t\t<\/article>\n\t\t\t\t<article class=\"elementor-post elementor-grid-item post-4576 post type-post status-publish format-standard hentry category-seguros-para-barcos\" role=\"listitem\">\n\t\t\t<div class=\"elementor-post__card\">\n\t\t\t\t<div class=\"elementor-post__text\">\n\t\t\t\t<h3 class=\"elementor-post__title\">\n\t\t\t<a href=\"https:\/\/www.insureanyboat.com\/es\/preguntas-frecuentes-habituales-sobre-el-seguro-de-embarcaciones\/\" >\n\t\t\t\tPreguntas Frecuentes Sobre las P\u00f3lizas de Seguro Para Barcos\t\t\t<\/a>\n\t\t<\/h3>\n\t\t\t\t<div class=\"elementor-post__excerpt\">\n\t\t\t<p>Los corredores de seguros mar\u00edtimos y el personal de las aseguradoras est\u00e1n acostumbrados a responder a numerosas preguntas al captar clientes potenciales. La mayor\u00eda de<\/p>\n\t\t<\/div>\n\t\t\n\t\t<a class=\"elementor-post__read-more\" href=\"https:\/\/www.insureanyboat.com\/es\/preguntas-frecuentes-habituales-sobre-el-seguro-de-embarcaciones\/\" aria-label=\"M\u00e1s informaci\u00f3n sobre Preguntas Frecuentes Sobre las P\u00f3lizas de Seguro Para Barcos\" tabindex=\"-1\" >\n\t\t\tLeer m\u00e1s \u00bb\t\t<\/a>\n\n\t\t\t\t<\/div>\n\t\t\t\t<div class=\"elementor-post__meta-data\">\n\t\t\t\t\t<span class=\"elementor-post-date\">\n\t\t\t28 de julio de 2017\t\t<\/span>\n\t\t\t\t<\/div>\n\t\t\t\t\t<\/div>\n\t\t<\/article>\n\t\t\t\t<\/div>\n\t\t\t\t\t<span class=\"e-load-more-spinner\">\n\t\t\t\t<svg aria-hidden=\"true\" class=\"e-font-icon-svg e-fas-spinner\" viewBox=\"0 0 512 512\" xmlns=\"http:\/\/www.w3.org\/2000\/svg\"><path d=\"M304 48c0 26.51-21.49 48-48 48s-48-21.49-48-48 21.49-48 48-48 48 21.49 48 48zm-48 368c-26.51 0-48 21.49-48 48s21.49 48 48 48 48-21.49 48-48-21.49-48-48-48zm208-208c-26.51 0-48 21.49-48 48s21.49 48 48 48 48-21.49 48-48-21.49-48-48-48zM96 256c0-26.51-21.49-48-48-48S0 229.49 0 256s21.49 48 48 48 48-21.49 48-48zm12.922 99.078c-26.51 0-48 21.49-48 48s21.49 48 48 48 48-21.49 48-48c0-26.509-21.491-48-48-48zm294.156 0c-26.51 0-48 21.49-48 48s21.49 48 48 48 48-21.49 48-48c0-26.509-21.49-48-48-48zM108.922 60.922c-26.51 0-48 21.49-48 48s21.49 48 48 48 48-21.49 48-48-21.491-48-48-48z\"><\/path><\/svg>\t\t\t<\/span>\n\t\t\n\t\t\t\t<div class=\"e-load-more-anchor\" data-page=\"1\" data-max-page=\"7\" data-next-page=\"https:\/\/www.insureanyboat.com\/es\/wp-json\/wp\/v2\/pages\/4360\/page\/2\/\"><\/div>\n\t\t\t\t<div class=\"elementor-button-wrapper\">\n\t\t\t<a class=\"elementor-button elementor-size-sm\" role=\"button\">\n\t\t\t\t\t\t<span class=\"elementor-button-content-wrapper\">\n\t\t\t\t\t\t\t\t\t<span class=\"elementor-button-text\">Cargar m\u00e1s<\/span>\n\t\t\t\t\t<\/span>\n\t\t\t\t\t<\/a>\n\t\t<\/div>\n\t\t\t\t<div class=\"e-load-more-message\"><\/div>\n\t\t\t\t\t\t<\/div>\n\t\t\t\t<\/div>\n\t\t\t\t<\/div>\n\t\t\t\t\t<\/div>\n\t\t\t\t<\/div>\n\t\t\t\t<\/div>\n\t\t","protected":false},"excerpt":{"rendered":"","protected":false},"author":2,"featured_media":0,"parent":0,"menu_order":0,"comment_status":"closed","ping_status":"closed","template":"","meta":{"footnotes":""},"class_list":["post-4360","page","type-page","status-publish","hentry"],"yoast_head":"<!-- This site is optimized with the Yoast SEO plugin v27.0 - https:\/\/yoast.com\/product\/yoast-seo-wordpress\/ -->\n<title>Nuestro Blog | Consejos y recursos sobre seguros de embarcaciones | InsureAnyBoat<\/title>\n<meta name=\"description\" content=\"Explore consejos, gu\u00edas e informaci\u00f3n de expertos sobre seguros de barcos, opciones de p\u00f3lizas, recomendaciones de seguridad y novedades del sector n\u00e1utico de InsureAnyBoat.\" \/>\n<meta name=\"robots\" content=\"index, follow, max-snippet:-1, max-image-preview:large, max-video-preview:-1\" \/>\n<link rel=\"canonical\" href=\"https:\/\/www.insureanyboat.com\/es\/blog\/\" \/>\n<meta property=\"og:locale\" content=\"es_ES\" \/>\n<meta property=\"og:type\" content=\"article\" \/>\n<meta property=\"og:title\" content=\"Nuestro Blog | Consejos y recursos sobre seguros de embarcaciones | InsureAnyBoat\" \/>\n<meta property=\"og:description\" content=\"Explore consejos, gu\u00edas e informaci\u00f3n de expertos sobre seguros de barcos, opciones de p\u00f3lizas, recomendaciones de seguridad y novedades del sector n\u00e1utico de InsureAnyBoat.\" \/>\n<meta property=\"og:url\" content=\"https:\/\/www.insureanyboat.com\/es\/blog\/\" \/>\n<meta property=\"og:site_name\" content=\"InsureAnyBoat.com\" \/>\n<meta property=\"article:modified_time\" content=\"2026-02-24T15:06:58+00:00\" \/>\n<meta name=\"twitter:card\" content=\"summary_large_image\" \/>\n<script type=\"application\/ld+json\" class=\"yoast-schema-graph\">{\"@context\":\"https:\/\/schema.org\",\"@graph\":[{\"@type\":\"WebPage\",\"@id\":\"https:\/\/www.insureanyboat.com\/es\/blog\/\",\"url\":\"https:\/\/www.insureanyboat.com\/es\/blog\/\",\"name\":\"Nuestro Blog | Consejos y recursos sobre seguros de embarcaciones | InsureAnyBoat\",\"isPartOf\":{\"@id\":\"https:\/\/www.insureanyboat.com\/es\/#website\"},\"datePublished\":\"2026-02-06T09:44:37+00:00\",\"dateModified\":\"2026-02-24T15:06:58+00:00\",\"description\":\"Explore consejos, gu\u00edas e informaci\u00f3n de expertos sobre seguros de barcos, opciones de p\u00f3lizas, recomendaciones de seguridad y novedades del sector n\u00e1utico de InsureAnyBoat.\",\"breadcrumb\":{\"@id\":\"https:\/\/www.insureanyboat.com\/es\/blog\/#breadcrumb\"},\"inLanguage\":\"es\",\"potentialAction\":[{\"@type\":\"ReadAction\",\"target\":[\"https:\/\/www.insureanyboat.com\/es\/blog\/\"]}]},{\"@type\":\"BreadcrumbList\",\"@id\":\"https:\/\/www.insureanyboat.com\/es\/blog\/#breadcrumb\",\"itemListElement\":[{\"@type\":\"ListItem\",\"position\":1,\"name\":\"Home\",\"item\":\"https:\/\/www.insureanyboat.com\/es\/\"},{\"@type\":\"ListItem\",\"position\":2,\"name\":\"Blog\"}]},{\"@type\":\"WebSite\",\"@id\":\"https:\/\/www.insureanyboat.com\/es\/#website\",\"url\":\"https:\/\/www.insureanyboat.com\/es\/\",\"name\":\"InsureAnyBoat.com\",\"description\":\"InsureAnyBoat.com\",\"potentialAction\":[{\"@type\":\"SearchAction\",\"target\":{\"@type\":\"EntryPoint\",\"urlTemplate\":\"https:\/\/www.insureanyboat.com\/es\/?s={search_term_string}\"},\"query-input\":{\"@type\":\"PropertyValueSpecification\",\"valueRequired\":true,\"valueName\":\"search_term_string\"}}],\"inLanguage\":\"es\"}]}<\/script>\n<!-- \/ Yoast SEO plugin. -->","yoast_head_json":{"title":"Nuestro Blog | Consejos y recursos sobre seguros de embarcaciones | InsureAnyBoat","description":"Explore consejos, gu\u00edas e informaci\u00f3n de expertos sobre seguros de barcos, opciones de p\u00f3lizas, recomendaciones de seguridad y novedades del sector n\u00e1utico de InsureAnyBoat.","robots":{"index":"index","follow":"follow","max-snippet":"max-snippet:-1","max-image-preview":"max-image-preview:large","max-video-preview":"max-video-preview:-1"},"canonical":"https:\/\/www.insureanyboat.com\/es\/blog\/","og_locale":"es_ES","og_type":"article","og_title":"Nuestro Blog | Consejos y recursos sobre seguros de embarcaciones | InsureAnyBoat","og_description":"Explore consejos, gu\u00edas e informaci\u00f3n de expertos sobre seguros de barcos, opciones de p\u00f3lizas, recomendaciones de seguridad y novedades del sector n\u00e1utico de InsureAnyBoat.","og_url":"https:\/\/www.insureanyboat.com\/es\/blog\/","og_site_name":"InsureAnyBoat.com","article_modified_time":"2026-02-24T15:06:58+00:00","twitter_card":"summary_large_image","schema":{"@context":"https:\/\/schema.org","@graph":[{"@type":"WebPage","@id":"https:\/\/www.insureanyboat.com\/es\/blog\/","url":"https:\/\/www.insureanyboat.com\/es\/blog\/","name":"Nuestro Blog | Consejos y recursos sobre seguros de embarcaciones | InsureAnyBoat","isPartOf":{"@id":"https:\/\/www.insureanyboat.com\/es\/#website"},"datePublished":"2026-02-06T09:44:37+00:00","dateModified":"2026-02-24T15:06:58+00:00","description":"Explore consejos, gu\u00edas e informaci\u00f3n de expertos sobre seguros de barcos, opciones de p\u00f3lizas, recomendaciones de seguridad y novedades del sector n\u00e1utico de InsureAnyBoat.","breadcrumb":{"@id":"https:\/\/www.insureanyboat.com\/es\/blog\/#breadcrumb"},"inLanguage":"es","potentialAction":[{"@type":"ReadAction","target":["https:\/\/www.insureanyboat.com\/es\/blog\/"]}]},{"@type":"BreadcrumbList","@id":"https:\/\/www.insureanyboat.com\/es\/blog\/#breadcrumb","itemListElement":[{"@type":"ListItem","position":1,"name":"Home","item":"https:\/\/www.insureanyboat.com\/es\/"},{"@type":"ListItem","position":2,"name":"Blog"}]},{"@type":"WebSite","@id":"https:\/\/www.insureanyboat.com\/es\/#website","url":"https:\/\/www.insureanyboat.com\/es\/","name":"InsureAnyBoat.com","description":"InsureAnyBoat.com","potentialAction":[{"@type":"SearchAction","target":{"@type":"EntryPoint","urlTemplate":"https:\/\/www.insureanyboat.com\/es\/?s={search_term_string}"},"query-input":{"@type":"PropertyValueSpecification","valueRequired":true,"valueName":"search_term_string"}}],"inLanguage":"es"}]}},"_links":{"self":[{"href":"https:\/\/www.insureanyboat.com\/es\/wp-json\/wp\/v2\/pages\/4360","targetHints":{"allow":["GET"]}}],"collection":[{"href":"https:\/\/www.insureanyboat.com\/es\/wp-json\/wp\/v2\/pages"}],"about":[{"href":"https:\/\/www.insureanyboat.com\/es\/wp-json\/wp\/v2\/types\/page"}],"author":[{"embeddable":true,"href":"https:\/\/www.insureanyboat.com\/es\/wp-json\/wp\/v2\/users\/2"}],"replies":[{"embeddable":true,"href":"https:\/\/www.insureanyboat.com\/es\/wp-json\/wp\/v2\/comments?post=4360"}],"version-history":[{"count":1,"href":"https:\/\/www.insureanyboat.com\/es\/wp-json\/wp\/v2\/pages\/4360\/revisions"}],"predecessor-version":[{"id":4361,"href":"https:\/\/www.insureanyboat.com\/es\/wp-json\/wp\/v2\/pages\/4360\/revisions\/4361"}],"wp:attachment":[{"href":"https:\/\/www.insureanyboat.com\/es\/wp-json\/wp\/v2\/media?parent=4360"}],"curies":[{"name":"wp","href":"https:\/\/api.w.org\/{rel}","templated":true}]}}